{"id":805,"date":"2019-09-19T13:44:47","date_gmt":"2019-09-19T11:44:47","guid":{"rendered":"https:\/\/brakaneshostg.wpenginepowered.com\/blues-weekend\/"},"modified":"2022-05-11T09:31:38","modified_gmt":"2022-05-11T07:31:38","slug":"blues-weekend","status":"publish","type":"page","link":"https:\/\/brakanes-hotel.no\/en\/special-offers\/blues-weekend\/","title":{"rendered":"Blues-weekend"},"content":{"rendered":"<div class=\"wpb-content-wrapper\"><p>[vc_row full_width=&#8221;stretch_row&#8221; content_placement=&#8221;bottom&#8221; bg_type=&#8221;image&#8221; parallax_style=&#8221;vcpb-default&#8221; bg_image_new=&#8221;id^788|url^https:\/\/brakanes-hotel.no\/wp-content\/uploads\/bluesweekend.jpg|caption^null|alt^null|title^bluesweekend|description^null&#8221; bg_img_attach=&#8221;fixed&#8221; enable_overlay=&#8221;enable_overlay_value&#8221; overlay_color=&#8221;rgba(10,10,10,0.15)&#8221; el_class=&#8221;padded-image-section&#8221;][vc_column width=&#8221;1\/2&#8243;][vc_column_text css_animation=&#8221;fadeInUp&#8221;]<\/p>\n<h1>Blues-weekend<\/h1>\n<p id=\"b516fd2e-d700-4467-b393-b75afa179891\">Vi inviterer deg til Blues-weekend p\u00e5 Brakanes Hotel 06.03 &#8211; 08.03 2020!<\/p>\n<p>[\/vc_column_text][vc_column_text css_animation=&#8221;fadeInUp&#8221; el_class=&#8221;primary-button-white&#8221;]<a href=\"https:\/\/be.synxis.com\/?Hotel=41507#\/roomselection?hotel=11902&amp;ratetype=1&amp;ratecode=1827000&amp;from=2020-03-06&amp;to=2020-03-08&amp;adults=2\">Bestill pakke<\/a>[\/vc_column_text][\/vc_column][vc_column width=&#8221;1\/2&#8243;][\/vc_column][\/vc_row][vc_row full_width=&#8221;stretch_row&#8221; gap=&#8221;35&#8243; bg_type=&#8221;bg_color&#8221; el_class=&#8221;padded-section-big&#8221; bg_color_value=&#8221;rgba(237,243,245,0.3)&#8221;][vc_column width=&#8221;1\/3&#8243;][vc_column_text css_animation=&#8221;fadeInUp&#8221; el_class=&#8221;heading-line&#8221;]<\/p>\n<h2>Program<\/h2>\n<p>[\/vc_column_text][\/vc_column][vc_column width=&#8221;2\/3&#8243;][vc_row_inner][vc_column_inner width=&#8221;1\/2&#8243;][vc_column_text css_animation=&#8221;fadeInUp&#8221; css=&#8221;.vc_custom_1568895778931{padding-bottom: 25px !important;}&#8221;]<\/p>\n<h2>Fredag<\/h2>\n<p>[\/vc_column_text][vc_column_text css_animation=&#8221;fadeInUp&#8221;]<strong>19:00-21:00 &#8211;<\/strong> Middag<\/p>\n<p><strong>21:00 &#8211;<\/strong> D\u00f8rene opnar i kongressen<\/p>\n<p><strong>21:30 &#8211;<\/strong>\u00a0Dalegaarden Blues Company<\/p>\n<p><strong>23:30 &#8211;<\/strong>\u00a0Bergen Blues Band[\/vc_column_text][\/vc_column_inner][vc_column_inner width=&#8221;1\/2&#8243;][vc_column_text css_animation=&#8221;fadeInUp&#8221; css=&#8221;.vc_custom_1568895784379{padding-bottom: 25px !important;}&#8221;]<\/p>\n<h2>Laurdag<\/h2>\n<p>[\/vc_column_text][vc_column_text css_animation=&#8221;fadeInUp&#8221;]<strong>13:00-14:30 &#8211;<\/strong> Lunsj<\/p>\n<p><strong>16:00-17:30 &#8211;<\/strong> Gratiskonsert i foajeen med Olav Undeland og Ulvik Kulturskule<\/p>\n<p><strong>19:00-21:00 &#8211;<\/strong> Middag<\/p>\n<p><strong>21:00 &#8211;<\/strong> D\u00f8rene opnar i kongressen<\/p>\n<p><strong>21:30 &#8211;<\/strong> Baljelauget &#8211; konsert og utlodning<\/p>\n<p><strong>22:45 &#8211;<\/strong> Eric Slim Zahl<\/p>\n<p><strong>00:30 &#8211;<\/strong>\u00a0Twang Gang[\/vc_column_text][\/vc_column_inner][\/vc_row_inner][\/vc_column][\/vc_row][vc_row gap=&#8221;35&#8243; content_placement=&#8221;middle&#8221; el_class=&#8221;padded-section-top&#8221;][vc_column width=&#8221;1\/2&#8243;][vc_single_image image=&#8221;768&#8243; img_size=&#8221;700&#215;500&#8243;][\/vc_column][vc_column width=&#8221;1\/2&#8243;][vc_column_text css_animation=&#8221;fadeInUp&#8221; css=&#8221;.vc_custom_1568893714998{border-bottom-width: 25px !important;}&#8221;]<\/p>\n<h2>Dalegaarden Blues Company<\/h2>\n<p>[\/vc_column_text][vc_column_text css_animation=&#8221;fadeInUp&#8221; css=&#8221;.vc_custom_1568882283670{margin-top: 35px !important;}&#8221;]Dalegaarden Blues Company best\u00e5r av Tommy Kristiansen, Lars Christian Folkvord og Bj\u00f8rn S\u00e6ther. Desse tre har b\u00e5de kvar for seg og saman,\u00a0 turn\u00e8rt Noreg og verda rundt med dei st\u00f8rste artistane vi har i Noreg, til d\u00f8mes Kurt Nilsen. I tillegg vil du nok dra kjensel p\u00e5 dei fr\u00e5 fleire store produksjonar p\u00e5 TV, til d\u00f8mes Stjernekamp, Idol mm. N\u00e5r dei no sl\u00e5r seg saman som \u00abDBC\u00bb, er det blues som st\u00e5r i fokus. Gamle l\u00e5tskattar fra BB King, JJ Cale, samt Hendrix\u2019 skjulte perler fr\u00e5 Band Of Gypsis-perioden er l\u00e5tar dei boltrar seg med.<\/p>\n<p>\u00abDBC\u00bb kan garantera ein eksplosiv festkveld, og du kjem garantert til \u00e5 kosa deg med desse gutta p\u00e5 scena![\/vc_column_text][\/vc_column][\/vc_row][vc_row gap=&#8221;35&#8243; content_placement=&#8221;middle&#8221; el_class=&#8221;padded-section-small&#8221;][vc_column width=&#8221;1\/2&#8243;][vc_single_image image=&#8221;771&#8243; img_size=&#8221;700&#215;500&#8243;][\/vc_column][vc_column width=&#8221;1\/2&#8243;][vc_column_text css_animation=&#8221;fadeInUp&#8221; css=&#8221;.vc_custom_1568894131848{padding-bottom: 25px !important;}&#8221;]<\/p>\n<h2>Bergen Blues Band<\/h2>\n<p>[\/vc_column_text][vc_column_text css_animation=&#8221;fadeInUp&#8221;]John Magnar Bernes fikk kallenavnet `Hungry John` d\u00e5 han sulta som gatemusikant i London, tidleg p\u00e5 70-talet. Han har spelt p\u00e5 Brakanes mange gonger, men denne gongen i lag med gutta i Bergen Blues band, slik dei spelte i lag p\u00e5 1970 og -80 tallet, med hitl\u00e5tar som \u00abJump`n Shout`n Dance\u00bb, \u00abAnother Blues\u00bb og \u00abMeanest Blues\u00ab m.fl.<\/p>\n<p>Bergen Blues Band har gitt ut tre plater p\u00e5 EMI og parallelt med dette gjennomf\u00f8rte Bernes to turn\u00e8ar med Pete York fra Spencer Davis Group. L\u00e5tane vart radiospelt verda rundt, og var p\u00e5 hitlistene i fleire land.<\/p>\n<p>Det er dags for litt god, gamal blues p\u00e5 scena![\/vc_column_text][\/vc_column][\/vc_row][vc_row gap=&#8221;35&#8243; content_placement=&#8221;middle&#8221; el_class=&#8221;padded-section-small-bottom&#8221;][vc_column width=&#8221;1\/2&#8243;][vc_single_image image=&#8221;774&#8243; img_size=&#8221;700&#215;500&#8243;][\/vc_column][vc_column width=&#8221;1\/2&#8243;][vc_column_text css_animation=&#8221;fadeInUp&#8221; css=&#8221;.vc_custom_1568893799998{padding-bottom: 25px !important;}&#8221;]<\/p>\n<h2>Olav Undeland og Ulvik Kulturskule<\/h2>\n<p>[\/vc_column_text][vc_column_text css_animation=&#8221;fadeInUp&#8221;]Me vil gje v\u00e5re unge og lovande ei scene \u00e5 st\u00e5 p\u00e5. Elevane fr\u00e5 Ulvik Kulturskule gjorde stor suksess i fjor, og det er ingen grunn til \u00e5 ikkje gjenta noko som vert sett s\u00e5 stor pris p\u00e5. Her f\u00e5r me alt fr\u00e5 hardrock til visesong, ljose gutestemmer og r\u00f8ffe riff, under leiing av Erlend Styve, som gjerne bidreg litt sj\u00f8lv og.<\/p>\n<p>Olav, Ulvik sin eigen bluesartist, f\u00f8dd og oppvaksen i fruktbygda, busett p\u00e5 Voss. Eit fast og kj\u00e6rkome innslag p\u00e5 programmet i mange \u00e5r. Han spelar stort sett eige materiale, men grev djupt i arkivet n\u00e5r han gjer tributt til store blues-legender som Mississippi John Hurt og Robert Johnson. Glimt i auge og gode historiar undervegs, vert dette ei storarta musikalsk oppleving fr\u00e5 unge og erfarne artistar.[\/vc_column_text][\/vc_column][\/vc_row][vc_row gap=&#8221;35&#8243; content_placement=&#8221;middle&#8221; el_class=&#8221;padded-section-small-bottom&#8221;][vc_column width=&#8221;1\/2&#8243;][vc_single_image image=&#8221;777&#8243; img_size=&#8221;700&#215;500&#8243;][\/vc_column][vc_column width=&#8221;1\/2&#8243;][vc_column_text css_animation=&#8221;fadeInUp&#8221; css=&#8221;.vc_custom_1568893837775{padding-bottom: 25px !important;}&#8221;]<\/p>\n<h2>Baljelauget &#8211; konsert og utlodning<\/h2>\n<p>[\/vc_column_text][vc_column_text css_animation=&#8221;fadeInUp&#8221;]Baljelauget &#8211; heilnorsk Americana med baljebass, hardingfele og stusselege viser p\u00e5 tvangsrim. Hjerte, smerte, tull og v\u00e5s m\u00f8ter sl\u00e5ttespel i trainbeat! Garantert godstemning!<\/p>\n<p>Kvartetten fr\u00e5 Voss er det einaste orkesteret i landet som i fullt alvor nyttar baljebass (sinkbalje, kosteskaft og ei snor!)<\/p>\n<p>Er du heldig kjem du fr\u00e5 det med ein premie av godt eller litt d\u00e5rleg slag.[\/vc_column_text][\/vc_column][\/vc_row][vc_row gap=&#8221;35&#8243; content_placement=&#8221;middle&#8221; el_class=&#8221;padded-section-small-bottom&#8221;][vc_column width=&#8221;1\/2&#8243;][vc_single_image image=&#8221;780&#8243; img_size=&#8221;700&#215;500&#8243;][\/vc_column][vc_column width=&#8221;1\/2&#8243;][vc_column_text css_animation=&#8221;fadeInUp&#8221; css=&#8221;.vc_custom_1568893869394{padding-bottom: 25px !important;}&#8221;]<\/p>\n<h2>Erik Slim Zahl<\/h2>\n<p>[\/vc_column_text][vc_column_text css_animation=&#8221;fadeInUp&#8221;]Ambisjonen er \u00e5 videref\u00f8ra dei flotte tradisjonane og musikken fr\u00e5 50-tallet \u2013 med sitt eige og meir rocka uttrykk. Eric Slim Zahl framf\u00f8rer musikken sin med humor, musikalsk dyktighet og TR\u00d8KK. Zahl er b\u00e5de spellemannsnominert og Europamester i Blues, og vann European Blues Challenge 2016. Det er ein skikkeleg meister me har p\u00e5 scena! Det er berre \u00e5 gle seg![\/vc_column_text][\/vc_column][\/vc_row][vc_row gap=&#8221;35&#8243; content_placement=&#8221;middle&#8221; el_class=&#8221;padded-section-bottom&#8221;][vc_column width=&#8221;1\/2&#8243;][vc_single_image image=&#8221;783&#8243; img_size=&#8221;700&#215;500&#8243;][\/vc_column][vc_column width=&#8221;1\/2&#8243;][vc_column_text css_animation=&#8221;fadeInUp&#8221; css=&#8221;.vc_custom_1568893878922{padding-bottom: 25px !important;}&#8221;]<\/p>\n<h2>Twang Gang<\/h2>\n<p>[\/vc_column_text][vc_column_text css_animation=&#8221;fadeInUp&#8221;]Twang Gang har gjennom dei siste 20 \u00e5ra vore fast leverand\u00f8r til den norske konsertscena. Gjennom tallause jobbar i alt fr\u00e5 store festivalar til sm\u00e5, brune klubbscener har Twang Gang levert fest og gaman til folket. Samarbeidet med Heine Totland kjenner dei fleste godt til.<\/p>\n<p>Eit uttrykk som ofte har blitt brukt er at \u00abdesse gutane er ute av stand til \u00e5 IKKJE levere\u00bb. Dei byr p\u00e5 ei salig blanding av ur-rock\u2019n roll og nyskrivne ting som fint smeltar saman i i den symbiosa som ei konsertoppleving skal v\u00e6re.\u00a0 S\u00e5 om det ein gong rykker i rockefoten eller du har lyst p\u00e5 ein kveld friteken fr\u00e5 alle andre bekymringar s\u00e5 ta tak.[\/vc_column_text][\/vc_column][\/vc_row][vc_row full_width=&#8221;stretch_row&#8221; gap=&#8221;35&#8243; bg_type=&#8221;bg_color&#8221; el_id=&#8221;foresporsel&#8221; el_class=&#8221;padded-section-big&#8221; bg_color_value=&#8221;rgba(237,243,245,0.3)&#8221;][vc_column width=&#8221;5\/12&#8243;][vc_column_text css_animation=&#8221;fadeInUp&#8221;]<\/p>\n<h2>Prisar<\/h2>\n<p>Pris per dobbeltrom fredag til s\u00f8ndag med alle m\u00e5ltid og billettar inkludert \u00a0fr\u00e5 kr. <strong>6 600,-\u00a0<\/strong><\/p>\n<p>Pris per enkeltrom fredag til s\u00f8ndag med alle m\u00e5ltid og billettar inkludert fr\u00e5 kr. <strong>3 300,-<\/strong>[\/vc_column_text][\/vc_column][vc_column css_animation=&#8221;fadeInUp&#8221; width=&#8221;1\/12&#8243;][\/vc_column][vc_column width=&#8221;1\/2&#8243;][vc_column_text css=&#8221;.vc_custom_1568885332003{margin-bottom: 55px !important;}&#8221;]<\/p>\n<h2>Bli med p\u00e5 Blues-weekend!<\/h2>\n<p>For kortare opphald, kontakt hotellet direkte p\u00e5 mail eller telefon.[\/vc_column_text][vc_column_text css_animation=&#8221;fadeInUp&#8221; el_class=&#8221;booking-link&#8221;]<a href=\"https:\/\/be.synxis.com\/?Hotel=41507#\/roomselection?hotel=11902&amp;ratetype=1&amp;ratecode=1827000&amp;from=2020-03-06&amp;to=2020-03-08&amp;adults=2\">Bestill Blues-weekend<\/a>[\/vc_column_text][\/vc_column][\/vc_row][vc_row full_width=&#8221;stretch_row&#8221; bg_type=&#8221;image&#8221; parallax_style=&#8221;vcpb-default&#8221; bg_image_new=&#8221;id^69|url^https:\/\/brakanes-hotel.no\/wp-content\/uploads\/pattern-bg-01.png|caption^null|alt^null|title^pattern-bg-01|description^null&#8221; bg_img_attach=&#8221;fixed&#8221; el_class=&#8221;bottom-row&#8221;][vc_column width=&#8221;1\/3&#8243;][\/vc_column][vc_column width=&#8221;1\/3&#8243;][vc_column_text css_animation=&#8221;fadeInUp&#8221;]<\/p>\n<h2>Opplev Noreg p\u00e5 sitt vakraste<\/h2>\n<p>[\/vc_column_text][\/vc_column][vc_column width=&#8221;1\/3&#8243;][\/vc_column][\/vc_row]<\/p>\n<\/div>","protected":false},"excerpt":{"rendered":"<p>[vc_row full_width=&#8221;stretch_row&#8221; content_placement=&#8221;bottom&#8221; bg_type=&#8221;image&#8221; parallax_style=&#8221;vcpb-default&#8221; bg_image_new=&#8221;id^788|url^https:\/\/brakanes-hotel.no\/wp-content\/uploads\/bluesweekend.jpg|caption^null|alt^null|title^bluesweekend|description^null&#8221; bg_img_attach=&#8221;fixed&#8221; enable_overlay=&#8221;enable_overlay_value&#8221; overlay_color=&#8221;rgba(10,10,10,0.15)&#8221; el_class=&#8221;padded-image-section&#8221;][vc_column width=&#8221;1\/2&#8243;][vc_column_text css_animation=&#8221;fadeInUp&#8221;] Blues-weekend Vi inviterer deg til Blues-weekend p\u00e5 Brakanes Hotel 06.03 &#8211; 08.03 2020! [\/vc_column_text][vc_column_text css_animation=&#8221;fadeInUp&#8221; el_class=&#8221;primary-button-white&#8221;]Bestill pakke[\/vc_column_text][\/vc_column][vc_column width=&#8221;1\/2&#8243;][\/vc_column][\/vc_row][vc_row full_width=&#8221;stretch_row&#8221; gap=&#8221;35&#8243; bg_type=&#8221;bg_color&#8221; el_class=&#8221;padded-section-big&#8221; bg_color_value=&#8221;rgba(237,243,245,0.3)&#8221;][vc_column width=&#8221;1\/3&#8243;][vc_column_text css_animation=&#8221;fadeInUp&#8221; el_class=&#8221;heading-line&#8221;] Program [\/vc_column_text][\/vc_column][vc_column width=&#8221;2\/3&#8243;][vc_row_inner][vc_column_inner width=&#8221;1\/2&#8243;][vc_column_text css_animation=&#8221;fadeInUp&#8221; css=&#8221;.vc_custom_1568895778931{padding-bottom: 25px !important;}&#8221;] Fredag [\/vc_column_text][vc_column_text css_animation=&#8221;fadeInUp&#8221;]19:00-21:00 &#8211; Middag 21:00 &#8211; D\u00f8rene opnar [&hellip;]<\/p>\n","protected":false},"author":12,"featured_media":0,"parent":599,"menu_order":3,"comment_status":"closed","ping_status":"closed","template":"","meta":{"footnotes":""},"class_list":["post-805","page","type-page","status-publish","hentry"],"yoast_head":"<!-- This site is optimized with the Yoast SEO plugin v25.5 - https:\/\/yoast.com\/wordpress\/plugins\/seo\/ -->\n<title>Blues-weekend | Brakanes Hotel by Fjordtind<\/title>\n<meta name=\"robots\" content=\"index, follow, max-snippet:-1, max-image-preview:large, max-video-preview:-1\" \/>\n<link rel=\"canonical\" href=\"https:\/\/brakanes-hotel.no\/en\/special-offers\/blues-weekend\/\" \/>\n<meta property=\"og:locale\" content=\"en_US\" \/>\n<meta property=\"og:type\" content=\"article\" \/>\n<meta property=\"og:title\" content=\"Blues-weekend | Brakanes Hotel by Fjordtind\" \/>\n<meta property=\"og:description\" content=\"[vc_row full_width=&#8221;stretch_row&#8221; content_placement=&#8221;bottom&#8221; bg_type=&#8221;image&#8221; parallax_style=&#8221;vcpb-default&#8221; bg_image_new=&#8221;id^788|url^https:\/\/brakanes-hotel.no\/wp-content\/uploads\/bluesweekend.jpg|caption^null|alt^null|title^bluesweekend|description^null&#8221; bg_img_attach=&#8221;fixed&#8221; enable_overlay=&#8221;enable_overlay_value&#8221; overlay_color=&#8221;rgba(10,10,10,0.15)&#8221; el_class=&#8221;padded-image-section&#8221;][vc_column width=&#8221;1\/2&#8243;][vc_column_text css_animation=&#8221;fadeInUp&#8221;] Blues-weekend Vi inviterer deg til Blues-weekend p\u00e5 Brakanes Hotel 06.03 &#8211; 08.03 2020! [\/vc_column_text][vc_column_text css_animation=&#8221;fadeInUp&#8221; el_class=&#8221;primary-button-white&#8221;]Bestill pakke[\/vc_column_text][\/vc_column][vc_column width=&#8221;1\/2&#8243;][\/vc_column][\/vc_row][vc_row full_width=&#8221;stretch_row&#8221; gap=&#8221;35&#8243; bg_type=&#8221;bg_color&#8221; el_class=&#8221;padded-section-big&#8221; bg_color_value=&#8221;rgba(237,243,245,0.3)&#8221;][vc_column width=&#8221;1\/3&#8243;][vc_column_text css_animation=&#8221;fadeInUp&#8221; el_class=&#8221;heading-line&#8221;] Program [\/vc_column_text][\/vc_column][vc_column width=&#8221;2\/3&#8243;][vc_row_inner][vc_column_inner width=&#8221;1\/2&#8243;][vc_column_text css_animation=&#8221;fadeInUp&#8221; css=&#8221;.vc_custom_1568895778931{padding-bottom: 25px !important;}&#8221;] Fredag [\/vc_column_text][vc_column_text css_animation=&#8221;fadeInUp&#8221;]19:00-21:00 &#8211; Middag 21:00 &#8211; D\u00f8rene opnar [&hellip;]\" \/>\n<meta property=\"og:url\" content=\"https:\/\/brakanes-hotel.no\/en\/special-offers\/blues-weekend\/\" \/>\n<meta property=\"og:site_name\" content=\"Brakanes Hotel by Fjordtind\" \/>\n<meta property=\"article:publisher\" content=\"https:\/\/www.facebook.com\/Brakanes\/\" \/>\n<meta property=\"article:modified_time\" content=\"2022-05-11T07:31:38+00:00\" \/>\n<meta name=\"twitter:card\" content=\"summary_large_image\" \/>\n<meta name=\"twitter:label1\" content=\"Est. reading time\" \/>\n\t<meta name=\"twitter:data1\" content=\"7 minutes\" \/>\n<script type=\"application\/ld+json\" class=\"yoast-schema-graph\">{\"@context\":\"https:\/\/schema.org\",\"@graph\":[{\"@type\":\"WebPage\",\"@id\":\"https:\/\/brakanes-hotel.no\/en\/special-offers\/blues-weekend\/\",\"url\":\"https:\/\/brakanes-hotel.no\/en\/special-offers\/blues-weekend\/\",\"name\":\"Blues-weekend | Brakanes Hotel by Fjordtind\",\"isPartOf\":{\"@id\":\"https:\/\/brakanes-hotel.no\/en\/#website\"},\"datePublished\":\"2019-09-19T11:44:47+00:00\",\"dateModified\":\"2022-05-11T07:31:38+00:00\",\"breadcrumb\":{\"@id\":\"https:\/\/brakanes-hotel.no\/en\/special-offers\/blues-weekend\/#breadcrumb\"},\"inLanguage\":\"en-US\",\"potentialAction\":[{\"@type\":\"ReadAction\",\"target\":[\"https:\/\/brakanes-hotel.no\/en\/special-offers\/blues-weekend\/\"]}]},{\"@type\":\"BreadcrumbList\",\"@id\":\"https:\/\/brakanes-hotel.no\/en\/special-offers\/blues-weekend\/#breadcrumb\",\"itemListElement\":[{\"@type\":\"ListItem\",\"position\":1,\"name\":\"Hjem\",\"item\":\"https:\/\/brakanes-hotel.no\/en\/\"},{\"@type\":\"ListItem\",\"position\":2,\"name\":\"Special offers\",\"item\":\"https:\/\/brakanes-hotel.no\/en\/special-offers\/\"},{\"@type\":\"ListItem\",\"position\":3,\"name\":\"Blues-weekend\"}]},{\"@type\":\"WebSite\",\"@id\":\"https:\/\/brakanes-hotel.no\/en\/#website\",\"url\":\"https:\/\/brakanes-hotel.no\/en\/\",\"name\":\"Brakanes Hotel by Fjordtind\",\"description\":\"Sjekk inn i Hardanger\",\"publisher\":{\"@id\":\"https:\/\/brakanes-hotel.no\/en\/#organization\"},\"potentialAction\":[{\"@type\":\"SearchAction\",\"target\":{\"@type\":\"EntryPoint\",\"urlTemplate\":\"https:\/\/brakanes-hotel.no\/en\/?s={search_term_string}\"},\"query-input\":{\"@type\":\"PropertyValueSpecification\",\"valueRequired\":true,\"valueName\":\"search_term_string\"}}],\"inLanguage\":\"en-US\"},{\"@type\":\"Organization\",\"@id\":\"https:\/\/brakanes-hotel.no\/en\/#organization\",\"name\":\"Brakanes Hotel\",\"url\":\"https:\/\/brakanes-hotel.no\/en\/\",\"logo\":{\"@type\":\"ImageObject\",\"inLanguage\":\"en-US\",\"@id\":\"https:\/\/brakanes-hotel.no\/en\/#\/schema\/logo\/image\/\",\"url\":\"https:\/\/brakanes-hotel.no\/wp-content\/uploads\/brakanes-hotel-hvit.png\",\"contentUrl\":\"https:\/\/brakanes-hotel.no\/wp-content\/uploads\/brakanes-hotel-hvit.png\",\"width\":820,\"height\":419,\"caption\":\"Brakanes Hotel\"},\"image\":{\"@id\":\"https:\/\/brakanes-hotel.no\/en\/#\/schema\/logo\/image\/\"},\"sameAs\":[\"https:\/\/www.facebook.com\/Brakanes\/\",\"https:\/\/www.instagram.com\/brakaneshotel\/\"]}]}<\/script>\n<!-- \/ Yoast SEO plugin. -->","yoast_head_json":{"title":"Blues-weekend | Brakanes Hotel by Fjordtind","robots":{"index":"index","follow":"follow","max-snippet":"max-snippet:-1","max-image-preview":"max-image-preview:large","max-video-preview":"max-video-preview:-1"},"canonical":"https:\/\/brakanes-hotel.no\/en\/special-offers\/blues-weekend\/","og_locale":"en_US","og_type":"article","og_title":"Blues-weekend | Brakanes Hotel by Fjordtind","og_description":"[vc_row full_width=&#8221;stretch_row&#8221; content_placement=&#8221;bottom&#8221; bg_type=&#8221;image&#8221; parallax_style=&#8221;vcpb-default&#8221; bg_image_new=&#8221;id^788|url^https:\/\/brakanes-hotel.no\/wp-content\/uploads\/bluesweekend.jpg|caption^null|alt^null|title^bluesweekend|description^null&#8221; bg_img_attach=&#8221;fixed&#8221; enable_overlay=&#8221;enable_overlay_value&#8221; overlay_color=&#8221;rgba(10,10,10,0.15)&#8221; el_class=&#8221;padded-image-section&#8221;][vc_column width=&#8221;1\/2&#8243;][vc_column_text css_animation=&#8221;fadeInUp&#8221;] Blues-weekend Vi inviterer deg til Blues-weekend p\u00e5 Brakanes Hotel 06.03 &#8211; 08.03 2020! [\/vc_column_text][vc_column_text css_animation=&#8221;fadeInUp&#8221; el_class=&#8221;primary-button-white&#8221;]Bestill pakke[\/vc_column_text][\/vc_column][vc_column width=&#8221;1\/2&#8243;][\/vc_column][\/vc_row][vc_row full_width=&#8221;stretch_row&#8221; gap=&#8221;35&#8243; bg_type=&#8221;bg_color&#8221; el_class=&#8221;padded-section-big&#8221; bg_color_value=&#8221;rgba(237,243,245,0.3)&#8221;][vc_column width=&#8221;1\/3&#8243;][vc_column_text css_animation=&#8221;fadeInUp&#8221; el_class=&#8221;heading-line&#8221;] Program [\/vc_column_text][\/vc_column][vc_column width=&#8221;2\/3&#8243;][vc_row_inner][vc_column_inner width=&#8221;1\/2&#8243;][vc_column_text css_animation=&#8221;fadeInUp&#8221; css=&#8221;.vc_custom_1568895778931{padding-bottom: 25px !important;}&#8221;] Fredag [\/vc_column_text][vc_column_text css_animation=&#8221;fadeInUp&#8221;]19:00-21:00 &#8211; Middag 21:00 &#8211; D\u00f8rene opnar [&hellip;]","og_url":"https:\/\/brakanes-hotel.no\/en\/special-offers\/blues-weekend\/","og_site_name":"Brakanes Hotel by Fjordtind","article_publisher":"https:\/\/www.facebook.com\/Brakanes\/","article_modified_time":"2022-05-11T07:31:38+00:00","twitter_card":"summary_large_image","twitter_misc":{"Est. reading time":"7 minutes"},"schema":{"@context":"https:\/\/schema.org","@graph":[{"@type":"WebPage","@id":"https:\/\/brakanes-hotel.no\/en\/special-offers\/blues-weekend\/","url":"https:\/\/brakanes-hotel.no\/en\/special-offers\/blues-weekend\/","name":"Blues-weekend | Brakanes Hotel by Fjordtind","isPartOf":{"@id":"https:\/\/brakanes-hotel.no\/en\/#website"},"datePublished":"2019-09-19T11:44:47+00:00","dateModified":"2022-05-11T07:31:38+00:00","breadcrumb":{"@id":"https:\/\/brakanes-hotel.no\/en\/special-offers\/blues-weekend\/#breadcrumb"},"inLanguage":"en-US","potentialAction":[{"@type":"ReadAction","target":["https:\/\/brakanes-hotel.no\/en\/special-offers\/blues-weekend\/"]}]},{"@type":"BreadcrumbList","@id":"https:\/\/brakanes-hotel.no\/en\/special-offers\/blues-weekend\/#breadcrumb","itemListElement":[{"@type":"ListItem","position":1,"name":"Hjem","item":"https:\/\/brakanes-hotel.no\/en\/"},{"@type":"ListItem","position":2,"name":"Special offers","item":"https:\/\/brakanes-hotel.no\/en\/special-offers\/"},{"@type":"ListItem","position":3,"name":"Blues-weekend"}]},{"@type":"WebSite","@id":"https:\/\/brakanes-hotel.no\/en\/#website","url":"https:\/\/brakanes-hotel.no\/en\/","name":"Brakanes Hotel by Fjordtind","description":"Sjekk inn i Hardanger","publisher":{"@id":"https:\/\/brakanes-hotel.no\/en\/#organization"},"potentialAction":[{"@type":"SearchAction","target":{"@type":"EntryPoint","urlTemplate":"https:\/\/brakanes-hotel.no\/en\/?s={search_term_string}"},"query-input":{"@type":"PropertyValueSpecification","valueRequired":true,"valueName":"search_term_string"}}],"inLanguage":"en-US"},{"@type":"Organization","@id":"https:\/\/brakanes-hotel.no\/en\/#organization","name":"Brakanes Hotel","url":"https:\/\/brakanes-hotel.no\/en\/","logo":{"@type":"ImageObject","inLanguage":"en-US","@id":"https:\/\/brakanes-hotel.no\/en\/#\/schema\/logo\/image\/","url":"https:\/\/brakanes-hotel.no\/wp-content\/uploads\/brakanes-hotel-hvit.png","contentUrl":"https:\/\/brakanes-hotel.no\/wp-content\/uploads\/brakanes-hotel-hvit.png","width":820,"height":419,"caption":"Brakanes Hotel"},"image":{"@id":"https:\/\/brakanes-hotel.no\/en\/#\/schema\/logo\/image\/"},"sameAs":["https:\/\/www.facebook.com\/Brakanes\/","https:\/\/www.instagram.com\/brakaneshotel\/"]}]}},"_links":{"self":[{"href":"https:\/\/brakanes-hotel.no\/en\/wp-json\/wp\/v2\/pages\/805","targetHints":{"allow":["GET"]}}],"collection":[{"href":"https:\/\/brakanes-hotel.no\/en\/wp-json\/wp\/v2\/pages"}],"about":[{"href":"https:\/\/brakanes-hotel.no\/en\/wp-json\/wp\/v2\/types\/page"}],"author":[{"embeddable":true,"href":"https:\/\/brakanes-hotel.no\/en\/wp-json\/wp\/v2\/users\/12"}],"replies":[{"embeddable":true,"href":"https:\/\/brakanes-hotel.no\/en\/wp-json\/wp\/v2\/comments?post=805"}],"version-history":[{"count":0,"href":"https:\/\/brakanes-hotel.no\/en\/wp-json\/wp\/v2\/pages\/805\/revisions"}],"up":[{"embeddable":true,"href":"https:\/\/brakanes-hotel.no\/en\/wp-json\/wp\/v2\/pages\/599"}],"wp:attachment":[{"href":"https:\/\/brakanes-hotel.no\/en\/wp-json\/wp\/v2\/media?parent=805"}],"curies":[{"name":"wp","href":"https:\/\/api.w.org\/{rel}","templated":true}]}}