{"id":2536,"date":"2025-05-23T15:33:56","date_gmt":"2025-05-23T13:33:56","guid":{"rendered":"https:\/\/brakanes-hotel.no\/?page_id=2536"},"modified":"2025-05-23T15:47:02","modified_gmt":"2025-05-23T13:47:02","slug":"hardangerfjord-adventure","status":"publish","type":"page","link":"https:\/\/brakanes-hotel.no\/en\/hardangerfjord-adventure\/","title":{"rendered":"Hardangerfjord Adventure"},"content":{"rendered":"<div class=\"wpb-content-wrapper\"><p>[vc_row full_width=&#8221;stretch_row&#8221; content_placement=&#8221;bottom&#8221; bg_type=&#8221;image&#8221; parallax_style=&#8221;vcpb-default&#8221; bg_image_new=&#8221;id^1939|url^https:\/\/brakanes-hotel.no\/wp-content\/uploads\/Fjordsafari_01-c-Stian-van-der-Meeren.jpg|caption^null|alt^null|title^Fjordsafari_01-(c)-Stian-van-der-Meeren|description^null&#8221; bg_img_attach=&#8221;fixed&#8221; enable_overlay=&#8221;enable_overlay_value&#8221; overlay_color=&#8221;rgba(10,10,10,0.35)&#8221; el_class=&#8221;activity-top&#8221;][vc_column width=&#8221;1\/6&#8243;][\/vc_column][vc_column width=&#8221;2\/3&#8243;][vc_raw_html css=&#8221;&#8221;]JTNDZGl2JTIwY2xhc3MlM0QlMjJhY3Rpdml0eS10b3AtaW5mby1yb3clMjIlM0UlMEElM0NkaXYlMjBjbGFzcyUzRCUyMmFjdGl2aXR5LXRvcC1pbmZvJTIyJTNFJTNDaSUyMGNsYXNzJTNEJTIyZmFsJTIwZmEtY2FsZW5kYXIlMjIlM0UlM0MlMkZpJTNFJTIwQWxsJTIweWVhciUzQyUyRmRpdiUzRSUwQSUzQ2RpdiUyMGNsYXNzJTNEJTIyYWN0aXZpdHktdG9wLWluZm8lMjIlM0UlM0NpJTIwY2xhc3MlM0QlMjJmYWwlMjBmYS10YWdzJTIyJTNFJTNDJTJGaSUzRSUyMEZyb20lMjA3NTAlMkMtJTIwcGVyJTIwcGVyc29uJTNDJTJGZGl2JTNFJTBBJTNDJTJGZGl2JTNF[\/vc_raw_html][\/vc_column][vc_column width=&#8221;1\/6&#8243;][\/vc_column][\/vc_row][vc_row el_class=&#8221;padded-section-big-top&#8221;][vc_column width=&#8221;2\/3&#8243;][vc_column_text el_class=&#8221;activity-intro&#8221;]<\/p>\n<h1>Hardangerfjord Adventure<\/h1>\n<p>[\/vc_column_text][\/vc_column][vc_column width=&#8221;1\/3&#8243;][\/vc_column][\/vc_row][vc_row gap=&#8221;35&#8243; el_class=&#8221;padded-section-bottom&#8221;][vc_column width=&#8221;2\/3&#8243;][vc_column_text css=&#8221;&#8221;]Offers thrilling and memorable RIB tours that give you a taste of the majestic Norwegian fjord landscape and insight into life along old roadless fjord settlements.<\/p>\n<p>Hardangerfjord Adventure offers daily RIB safaries from the port in front of the hotel in the period 1.5\u201330.11. If you have special requests, we also tailo tours for both smaller and larger groups. Each boat has a capacity of 12 people at the same time on the fjord.<\/p>\n<h2>Hardangerfjord and Osafjord RIB safari<\/h2>\n<p>60 min RIB safari tour to Hardanger bridge out in the main fjord and along old roadless hamlets in the Osafjord branch.<\/p>\n<h2>RIB tour with speed and excitement (private)<\/h2>\n<div class=\"wpb_text_column wpb_content_element \">\n<div class=\"wpb_wrapper\">\n<p>20-minute adrenalin-filld speed boat trip on the Ulvikafjord.<\/p>\n<\/div>\n<\/div>\n<p>[\/vc_column_text][vc_column_text css=&#8221;.vc_custom_1748007546648{margin-top: 45px !important;}&#8221; el_class=&#8221;activity-back&#8221;]<a href=\"https:\/\/hardangerfjord-adventure.no\/\" target=\"_blank\" rel=\"noopener\">Order on hardangerfjord-adventure.no <i class=\"fal fa-long-arrow-right\"><\/i><\/a>[\/vc_column_text][\/vc_column][vc_column width=&#8221;1\/3&#8243;][vc_toggle title=&#8221;Practical&#8221; style=&#8221;simple&#8221; color=&#8221;black&#8221; css=&#8221;&#8221; use_custom_heading=&#8221;true&#8221; el_class=&#8221;activity-faq&#8221;]Dress to be out for in the current weather.<\/p>\n<p>You will be dressed in a flotation suit, life jacket and goggles, as well as a hat, buff and gloves, when the weather requires it. Wear good windproof and water-repellent shoes (in case of rain).[\/vc_toggle][vc_toggle title=&#8221;Prices&#8221; style=&#8221;simple&#8221; color=&#8221;black&#8221; css=&#8221;&#8221; use_custom_heading=&#8221;true&#8221; el_class=&#8221;activity-faq&#8221;]<\/p>\n<div class=\"attribute-pris\">\n<p>From 750,- per person<\/p>\n<\/div>\n<p>Price per person for scheduled tours 60 min \u2013 NOK 750\/550 ordinary\/children under 12<\/p>\n<p>Price private tour 60 min \u2013 NOK. NOK 9,000 per boat<\/p>\n<p>Price private tour 20 min \u2013 NOK. NOK 4,500 per boat[\/vc_toggle][vc_toggle title=&#8221;Capacity&#8221; style=&#8221;simple&#8221; color=&#8221;black&#8221; css=&#8221;&#8221; use_custom_heading=&#8221;true&#8221; el_class=&#8221;activity-faq&#8221;]Scheduked tours have capacity for 12 people.<\/p>\n<p>Private tours can be run with two boats with a total capacity of 24 people at the same time on the fjord. For larger groups, please contact us.[\/vc_toggle][vc_toggle title=&#8221;Location&#8221; style=&#8221;simple&#8221; color=&#8221;black&#8221; css=&#8221;&#8221; use_custom_heading=&#8221;true&#8221; el_class=&#8221;activity-faq&#8221;]Meet at the hotel reception 15 minutes before departure.[\/vc_toggle][vc_toggle title=&#8221;Suitable for&#8221; style=&#8221;simple&#8221; color=&#8221;black&#8221; css=&#8221;&#8221; use_custom_heading=&#8221;true&#8221; el_class=&#8221;activity-faq&#8221;]Persons from 5 years of age and above where the upper age is no obstacle.<\/p>\n<ul>\n<li>Not suitable for wheelchair users<\/li>\n<li>Not recommended for pregnant travelers (over 3 months)<\/li>\n<li>Not recommended for travelers with serious back problems<\/li>\n<\/ul>\n<p>[\/vc_toggle][vc_toggle title=&#8221;Booking&#8221; style=&#8221;simple&#8221; color=&#8221;black&#8221; css=&#8221;&#8221; use_custom_heading=&#8221;true&#8221; el_class=&#8221;activity-faq&#8221;]Scheduled tours shall be booked online on Hardangerfjord Adventure\u2019s website no later than 12 hours before departure. Get in touch to hear about available seats closer to departure.<\/p>\n<p>For private tours, you can send an online inquiry for the tour in question up to 7 days before departure. Get in touch to inquire about available capacity closer to departure.[\/vc_toggle][\/vc_column][\/vc_row][vc_row el_class=&#8221;padded-section-big-bottom&#8221;][vc_column][vc_gallery interval=&#8221;3&#8243; images=&#8221;1945,1942,1939,1936&#8243; img_size=&#8221;2200&#215;1200&#8243;][\/vc_column][\/vc_row][vc_row][vc_column]<div class=\"templatera_shortcode\"><div data-vc-full-width=\"true\" data-vc-full-width-temp=\"true\" data-vc-full-width-init=\"false\" class=\"vc_row wpb_row vc_row-fluid padded-section-big-top\"><div class=\"wpb_column vc_column_container vc_col-sm-8\"><div class=\"vc_column-inner\"><div class=\"wpb_wrapper\">\n\t<div class=\"wpb_text_column wpb_content_element wpb_animate_when_almost_visible wpb_fadeInUp fadeInUp\" >\n\t\t<div class=\"wpb_wrapper\">\n\t\t\t<div class=\"slim-line-heading\"><\/div>\n<h2 class=\"slim-line\">V\u00e5re rom<\/h2>\n\n\t\t<\/div>\n\t<\/div>\n\n\t<div class=\"wpb_text_column wpb_content_element wpb_animate_when_almost_visible wpb_fadeInUp fadeInUp vc_custom_1618217877703\" >\n\t\t<div class=\"wpb_wrapper\">\n\t\t\t<p>Rommene v\u00e5re gir deg det perfekte utgangspunktet for ditt bes\u00f8k i Hardanger. Vi har mange ulike typer rom, alt fra enklere standardrom til st\u00f8rre familierom, oppusset rom med vakker fjordutsikt og suiter.<\/p>\n<p>Er du i Hardanger for f\u00f8rste gang, anbefaler vi selvsagt v\u00e5re rom med balkong og fjordutsikt. Her kan du virkelig ta inn omgivelsene.<\/p>\n<p>Nb! Om du har med deg din firbente venn, m\u00e5 du oppgi dette ved bestilling da vi har et sv\u00e6rt begrenset antall rom der en kan ha hund med seg. Vennligst ta direkte kontakt med oss.<\/p>\n\n\t\t<\/div>\n\t<\/div>\n<\/div><\/div><\/div><div class=\"wpb_column vc_column_container vc_col-sm-4\"><div class=\"vc_column-inner\"><div class=\"wpb_wrapper\"><\/div><\/div><\/div><\/div><div class=\"vc_row-full-width vc_clearfix\"><\/div><!-- Row Backgrounds --><div class=\"upb_color\" data-bg-override=\"0\" data-bg-color=\"rgba(146,178,191,0.16)\" data-fadeout=\"\" data-fadeout-percentage=\"30\" data-parallax-content=\"\" data-parallax-content-sense=\"30\" data-row-effect-mobile-disable=\"true\" data-img-parallax-mobile-disable=\"true\" data-rtl=\"false\"  data-custom-vc-row=\"\"  data-vc=\"8.7.2\"  data-is_old_vc=\"\"  data-theme-support=\"\"   data-overlay=\"false\" data-overlay-color=\"\" data-overlay-pattern=\"\" data-overlay-pattern-opacity=\"\" data-overlay-pattern-size=\"\"    ><\/div><div data-vc-full-width=\"true\" data-vc-full-width-temp=\"true\" data-vc-full-width-init=\"false\" class=\"vc_row wpb_row vc_row-fluid padded-section-medium-big vc_column-gap-20 vc_row-o-content-middle vc_row-flex\"><div class=\"wpb_animate_when_almost_visible wpb_fadeInUp fadeInUp wpb_column vc_column_container vc_col-sm-3\"><div class=\"vc_column-inner\"><div class=\"wpb_wrapper\"><div class=\"ult-content-box-container box-link\" >\t<a class=\"ult-content-box-anchor\" href=\"http:\/\/brakanes-hotel.no\/rommene\/standard\/\" >\t\t<div class=\"ult-content-box\" style=\"box-shadow: px px px px none;-webkit-transition: all 700ms ease;-moz-transition: all 700ms ease;-ms-transition: all 700ms ease;-o-transition: all 700ms ease;transition: all 700ms ease;\"  data-hover_box_shadow=\"none\"    ><div class=\"vc_row wpb_row vc_inner vc_row-fluid\"><div class=\"box-top-rooms wpb_column vc_column_container vc_col-sm-12\"><div class=\"vc_column-inner\"><div class=\"wpb_wrapper\"><\/div><\/div><\/div><\/div><div class=\"vc_row wpb_row vc_inner vc_row-fluid\"><div class=\"box-bottom wpb_column vc_column_container vc_col-sm-12\"><div class=\"vc_column-inner\"><div class=\"wpb_wrapper\">\n\t<div  class=\"wpb_single_image wpb_content_element vc_align_left wpb_content_element vc_custom_1753424439077  box-image\">\n\t\t\n\t\t<figure class=\"wpb_wrapper vc_figure\">\n\t\t\t<div class=\"vc_single_image-wrapper   vc_box_border_grey\"><img decoding=\"async\" class=\"vc_single_image-img \" src=\"https:\/\/brakanes-hotel.no\/wp-content\/uploads\/d853482-1000x1000.jpg\" width=\"1000\" height=\"1000\" alt=\"_d853482\" title=\"_d853482\" loading=\"lazy\" \/><\/div>\n\t\t<\/figure>\n\t<\/div>\n\n\t<div class=\"wpb_text_column wpb_content_element\" >\n\t\t<div class=\"wpb_wrapper\">\n\t\t\t<h2>Standard<\/h2>\n<p>Komfortable og romslige rom - alt du trenger for et hyggelig opphold i Hardanger.<\/p>\n\n\t\t<\/div>\n\t<\/div>\n<\/div><\/div><\/div><\/div>\t\t<\/div>\t<\/a><\/div><\/div><\/div><\/div><div class=\"wpb_animate_when_almost_visible wpb_fadeInUp fadeInUp wpb_column vc_column_container vc_col-sm-3\"><div class=\"vc_column-inner\"><div class=\"wpb_wrapper\"><div class=\"ult-content-box-container box-link\" >\t<a class=\"ult-content-box-anchor\" href=\"http:\/\/brakanes-hotel.no\/no\/rommene\/fjordutsiktsrom-uten-balkong\/\" >\t\t<div class=\"ult-content-box\" style=\"box-shadow: px px px px none;-webkit-transition: all 700ms ease;-moz-transition: all 700ms ease;-ms-transition: all 700ms ease;-o-transition: all 700ms ease;transition: all 700ms ease;\"  data-hover_box_shadow=\"none\"    ><div class=\"vc_row wpb_row vc_inner vc_row-fluid\"><div class=\"box-top-rooms wpb_column vc_column_container vc_col-sm-12\"><div class=\"vc_column-inner\"><div class=\"wpb_wrapper\"><\/div><\/div><\/div><\/div><div class=\"vc_row wpb_row vc_inner vc_row-fluid\"><div class=\"box-bottom wpb_column vc_column_container vc_col-sm-12\"><div class=\"vc_column-inner\"><div class=\"wpb_wrapper\">\n\t<div  class=\"wpb_single_image wpb_content_element vc_align_left wpb_content_element vc_custom_1753688737519  box-image\">\n\t\t\n\t\t<figure class=\"wpb_wrapper vc_figure\">\n\t\t\t<div class=\"vc_single_image-wrapper   vc_box_border_grey\"><img decoding=\"async\" class=\"vc_single_image-img \" src=\"https:\/\/brakanes-hotel.no\/wp-content\/uploads\/344_supdbl-1-1000x1000.jpg\" width=\"1000\" height=\"1000\" alt=\"344_supdbl\" title=\"344_supdbl\" loading=\"lazy\" \/><\/div>\n\t\t<\/figure>\n\t<\/div>\n\n\t<div class=\"wpb_text_column wpb_content_element\" >\n\t\t<div class=\"wpb_wrapper\">\n\t\t\t<h2>Fjordutsiktsrom uten balkong<\/h2>\n<p>Lyse rom med moderne nordisk design og en fantastisk utsikt til Hardangerfjorden.<\/p>\n\n\t\t<\/div>\n\t<\/div>\n<\/div><\/div><\/div><\/div>\t\t<\/div>\t<\/a><\/div><\/div><\/div><\/div><div class=\"wpb_animate_when_almost_visible wpb_fadeInUp fadeInUp wpb_column vc_column_container vc_col-sm-3\"><div class=\"vc_column-inner\"><div class=\"wpb_wrapper\"><div class=\"ult-content-box-container box-link\" >\t<a class=\"ult-content-box-anchor\" href=\"http:\/\/brakanes-hotel.no\/no\/rommene\/fjordutsiktsrom-med-balkong\/\" >\t\t<div class=\"ult-content-box\" style=\"box-shadow: px px px px none;-webkit-transition: all 700ms ease;-moz-transition: all 700ms ease;-ms-transition: all 700ms ease;-o-transition: all 700ms ease;transition: all 700ms ease;\"  data-hover_box_shadow=\"none\"    ><div class=\"vc_row wpb_row vc_inner vc_row-fluid\"><div class=\"box-top-rooms wpb_column vc_column_container vc_col-sm-12\"><div class=\"vc_column-inner\"><div class=\"wpb_wrapper\"><\/div><\/div><\/div><\/div><div class=\"vc_row wpb_row vc_inner vc_row-fluid\"><div class=\"box-bottom wpb_column vc_column_container vc_col-sm-12\"><div class=\"vc_column-inner\"><div class=\"wpb_wrapper\">\n\t<div  class=\"wpb_single_image wpb_content_element vc_align_left wpb_content_element vc_custom_1753688701931  box-image\">\n\t\t\n\t\t<figure class=\"wpb_wrapper vc_figure\">\n\t\t\t<div class=\"vc_single_image-wrapper   vc_box_border_grey\"><img decoding=\"async\" class=\"vc_single_image-img \" src=\"https:\/\/brakanes-hotel.no\/wp-content\/uploads\/d853735-1000x1000.jpg\" width=\"1000\" height=\"1000\" alt=\"_d853735\" title=\"_d853735\" loading=\"lazy\" \/><\/div>\n\t\t<\/figure>\n\t<\/div>\n\n\t<div class=\"wpb_text_column wpb_content_element\" >\n\t\t<div class=\"wpb_wrapper\">\n\t\t\t<h2>Fjordutsiktsrom med balkong<\/h2>\n<p>Fjordutsiktsrom, men med balkong. Det finnes ikke noe bedre sted \u00e5 tilbringe morgenstunden.<\/p>\n\n\t\t<\/div>\n\t<\/div>\n<\/div><\/div><\/div><\/div>\t\t<\/div>\t<\/a><\/div><\/div><\/div><\/div><div class=\"wpb_animate_when_almost_visible wpb_fadeInUp fadeInUp wpb_column vc_column_container vc_col-sm-3\"><div class=\"vc_column-inner\"><div class=\"wpb_wrapper\"><div class=\"ult-content-box-container box-link\" >\t<a class=\"ult-content-box-anchor\" href=\"http:\/\/brakanes-hotel.no\/rommene\/suite\/\" >\t\t<div class=\"ult-content-box\" style=\"box-shadow: px px px px none;-webkit-transition: all 700ms ease;-moz-transition: all 700ms ease;-ms-transition: all 700ms ease;-o-transition: all 700ms ease;transition: all 700ms ease;\"  data-hover_box_shadow=\"none\"    ><div class=\"vc_row wpb_row vc_inner vc_row-fluid\"><div class=\"box-top-rooms wpb_column vc_column_container vc_col-sm-12\"><div class=\"vc_column-inner\"><div class=\"wpb_wrapper\"><\/div><\/div><\/div><\/div><div class=\"vc_row wpb_row vc_inner vc_row-fluid\"><div class=\"box-bottom wpb_column vc_column_container vc_col-sm-12\"><div class=\"vc_column-inner\"><div class=\"wpb_wrapper\">\n\t<div  class=\"wpb_single_image wpb_content_element vc_align_left wpb_content_element vc_custom_1548165845441  box-image\">\n\t\t\n\t\t<figure class=\"wpb_wrapper vc_figure\">\n\t\t\t<div class=\"vc_single_image-wrapper   vc_box_border_grey\"><img decoding=\"async\" class=\"vc_single_image-img \" src=\"https:\/\/brakanes-hotel.no\/wp-content\/uploads\/suite.jpg\" width=\"1000\" height=\"1000\" alt=\"suite\" title=\"suite\" loading=\"lazy\" \/><\/div>\n\t\t<\/figure>\n\t<\/div>\n\n\t<div class=\"wpb_text_column wpb_content_element\" >\n\t\t<div class=\"wpb_wrapper\">\n\t\t\t<h2>Suite<\/h2>\n<p>Gj\u00f8r oppholdet ditt til noe du sent vil glemme og bo i en av v\u00e5re flotte suiter.<\/p>\n\n\t\t<\/div>\n\t<\/div>\n<\/div><\/div><\/div><\/div>\t\t<\/div>\t<\/a><\/div><\/div><\/div><\/div><\/div><div class=\"vc_row-full-width vc_clearfix\"><\/div><!-- Row Backgrounds --><div class=\"upb_color\" data-bg-override=\"0\" data-bg-color=\"rgba(146,178,191,0.16)\" data-fadeout=\"\" data-fadeout-percentage=\"30\" data-parallax-content=\"\" data-parallax-content-sense=\"30\" data-row-effect-mobile-disable=\"true\" data-img-parallax-mobile-disable=\"true\" data-rtl=\"false\"  data-custom-vc-row=\"\"  data-vc=\"8.7.2\"  data-is_old_vc=\"\"  data-theme-support=\"\"   data-overlay=\"false\" data-overlay-color=\"\" data-overlay-pattern=\"\" data-overlay-pattern-opacity=\"\" data-overlay-pattern-size=\"\"    ><\/div>\r\n<\/div>[\/vc_column][\/vc_row][vc_row full_width=&#8221;stretch_row&#8221; bg_type=&#8221;image&#8221; parallax_style=&#8221;vcpb-default&#8221; bg_image_new=&#8221;id^69|url^https:\/\/brakanes-hotel.no\/wp-content\/uploads\/pattern-bg-01.png|caption^null|alt^null|title^pattern-bg-01|description^null&#8221; bg_img_attach=&#8221;fixed&#8221; el_class=&#8221;bottom-row&#8221;][vc_column width=&#8221;1\/3&#8243;][\/vc_column][vc_column width=&#8221;1\/3&#8243;][vc_column_text css_animation=&#8221;fadeInUp&#8221;]<\/p>\n<h2>Opplev Norge p\u00e5 sitt vakreste<\/h2>\n<p>[\/vc_column_text][vc_column_text css_animation=&#8221;fadeInUp&#8221; el_class=&#8221;booking-link&#8221;]<a href=\"https:\/\/brakanes-hotel.no\/no\/bestill-rom\/\">Bestill rom i dag<i class=\"fal fa-long-arrow-right\"><\/i><\/a>[\/vc_column_text][\/vc_column][vc_column width=&#8221;1\/3&#8243;][\/vc_column][\/vc_row]<\/p>\n<\/div>","protected":false},"excerpt":{"rendered":"All year From 750,- per person Hardangerfjord Adventure Offers thrilling and memorable RIB tours that give you a taste of the majestic Norwegian fjord landscape and insight into life along old roadless fjord settlements. Hardangerfjord Adventure offers daily RIB safaries from the port in front of the hotel in the period 1.5\u201330.11. If you have ...","protected":false},"author":12,"featured_media":0,"parent":0,"menu_order":0,"comment_status":"closed","ping_status":"closed","template":"","meta":{"footnotes":""},"class_list":["post-2536","page","type-page","status-publish","hentry"],"yoast_head":"<!-- This site is optimized with the Yoast SEO plugin v25.5 - https:\/\/yoast.com\/wordpress\/plugins\/seo\/ -->\n<title>Hardangerfjord Adventure | Brakanes Hotel by Fjordtind<\/title>\n<meta name=\"robots\" content=\"index, follow, max-snippet:-1, max-image-preview:large, max-video-preview:-1\" \/>\n<link rel=\"canonical\" href=\"https:\/\/brakanes-hotel.no\/en\/hardangerfjord-adventure\/\" \/>\n<meta property=\"og:locale\" content=\"en_US\" \/>\n<meta property=\"og:type\" content=\"article\" \/>\n<meta property=\"og:title\" content=\"Hardangerfjord Adventure | Brakanes Hotel by Fjordtind\" \/>\n<meta property=\"og:url\" content=\"https:\/\/brakanes-hotel.no\/en\/hardangerfjord-adventure\/\" \/>\n<meta property=\"og:site_name\" content=\"Brakanes Hotel by Fjordtind\" \/>\n<meta property=\"article:publisher\" content=\"https:\/\/www.facebook.com\/Brakanes\/\" \/>\n<meta property=\"article:modified_time\" content=\"2025-05-23T13:47:02+00:00\" \/>\n<meta name=\"twitter:card\" content=\"summary_large_image\" \/>\n<meta name=\"twitter:label1\" content=\"Est. reading time\" \/>\n\t<meta name=\"twitter:data1\" content=\"3 minutes\" \/>\n<script type=\"application\/ld+json\" class=\"yoast-schema-graph\">{\"@context\":\"https:\/\/schema.org\",\"@graph\":[{\"@type\":\"WebPage\",\"@id\":\"https:\/\/brakanes-hotel.no\/en\/hardangerfjord-adventure\/\",\"url\":\"https:\/\/brakanes-hotel.no\/en\/hardangerfjord-adventure\/\",\"name\":\"Hardangerfjord Adventure | Brakanes Hotel by Fjordtind\",\"isPartOf\":{\"@id\":\"https:\/\/brakanes-hotel.no\/en\/#website\"},\"datePublished\":\"2025-05-23T13:33:56+00:00\",\"dateModified\":\"2025-05-23T13:47:02+00:00\",\"breadcrumb\":{\"@id\":\"https:\/\/brakanes-hotel.no\/en\/hardangerfjord-adventure\/#breadcrumb\"},\"inLanguage\":\"en-US\",\"potentialAction\":[{\"@type\":\"ReadAction\",\"target\":[\"https:\/\/brakanes-hotel.no\/en\/hardangerfjord-adventure\/\"]}]},{\"@type\":\"BreadcrumbList\",\"@id\":\"https:\/\/brakanes-hotel.no\/en\/hardangerfjord-adventure\/#breadcrumb\",\"itemListElement\":[{\"@type\":\"ListItem\",\"position\":1,\"name\":\"Hjem\",\"item\":\"https:\/\/brakanes-hotel.no\/en\/\"},{\"@type\":\"ListItem\",\"position\":2,\"name\":\"Hardangerfjord Adventure\"}]},{\"@type\":\"WebSite\",\"@id\":\"https:\/\/brakanes-hotel.no\/en\/#website\",\"url\":\"https:\/\/brakanes-hotel.no\/en\/\",\"name\":\"Brakanes Hotel by Fjordtind\",\"description\":\"Sjekk inn i Hardanger\",\"publisher\":{\"@id\":\"https:\/\/brakanes-hotel.no\/en\/#organization\"},\"potentialAction\":[{\"@type\":\"SearchAction\",\"target\":{\"@type\":\"EntryPoint\",\"urlTemplate\":\"https:\/\/brakanes-hotel.no\/en\/?s={search_term_string}\"},\"query-input\":{\"@type\":\"PropertyValueSpecification\",\"valueRequired\":true,\"valueName\":\"search_term_string\"}}],\"inLanguage\":\"en-US\"},{\"@type\":\"Organization\",\"@id\":\"https:\/\/brakanes-hotel.no\/en\/#organization\",\"name\":\"Brakanes Hotel\",\"url\":\"https:\/\/brakanes-hotel.no\/en\/\",\"logo\":{\"@type\":\"ImageObject\",\"inLanguage\":\"en-US\",\"@id\":\"https:\/\/brakanes-hotel.no\/en\/#\/schema\/logo\/image\/\",\"url\":\"https:\/\/brakanes-hotel.no\/wp-content\/uploads\/brakanes-hotel-hvit.png\",\"contentUrl\":\"https:\/\/brakanes-hotel.no\/wp-content\/uploads\/brakanes-hotel-hvit.png\",\"width\":820,\"height\":419,\"caption\":\"Brakanes Hotel\"},\"image\":{\"@id\":\"https:\/\/brakanes-hotel.no\/en\/#\/schema\/logo\/image\/\"},\"sameAs\":[\"https:\/\/www.facebook.com\/Brakanes\/\",\"https:\/\/www.instagram.com\/brakaneshotel\/\"]}]}<\/script>\n<!-- \/ Yoast SEO plugin. -->","yoast_head_json":{"title":"Hardangerfjord Adventure | Brakanes Hotel by Fjordtind","robots":{"index":"index","follow":"follow","max-snippet":"max-snippet:-1","max-image-preview":"max-image-preview:large","max-video-preview":"max-video-preview:-1"},"canonical":"https:\/\/brakanes-hotel.no\/en\/hardangerfjord-adventure\/","og_locale":"en_US","og_type":"article","og_title":"Hardangerfjord Adventure | Brakanes Hotel by Fjordtind","og_url":"https:\/\/brakanes-hotel.no\/en\/hardangerfjord-adventure\/","og_site_name":"Brakanes Hotel by Fjordtind","article_publisher":"https:\/\/www.facebook.com\/Brakanes\/","article_modified_time":"2025-05-23T13:47:02+00:00","twitter_card":"summary_large_image","twitter_misc":{"Est. reading time":"3 minutes"},"schema":{"@context":"https:\/\/schema.org","@graph":[{"@type":"WebPage","@id":"https:\/\/brakanes-hotel.no\/en\/hardangerfjord-adventure\/","url":"https:\/\/brakanes-hotel.no\/en\/hardangerfjord-adventure\/","name":"Hardangerfjord Adventure | Brakanes Hotel by Fjordtind","isPartOf":{"@id":"https:\/\/brakanes-hotel.no\/en\/#website"},"datePublished":"2025-05-23T13:33:56+00:00","dateModified":"2025-05-23T13:47:02+00:00","breadcrumb":{"@id":"https:\/\/brakanes-hotel.no\/en\/hardangerfjord-adventure\/#breadcrumb"},"inLanguage":"en-US","potentialAction":[{"@type":"ReadAction","target":["https:\/\/brakanes-hotel.no\/en\/hardangerfjord-adventure\/"]}]},{"@type":"BreadcrumbList","@id":"https:\/\/brakanes-hotel.no\/en\/hardangerfjord-adventure\/#breadcrumb","itemListElement":[{"@type":"ListItem","position":1,"name":"Hjem","item":"https:\/\/brakanes-hotel.no\/en\/"},{"@type":"ListItem","position":2,"name":"Hardangerfjord Adventure"}]},{"@type":"WebSite","@id":"https:\/\/brakanes-hotel.no\/en\/#website","url":"https:\/\/brakanes-hotel.no\/en\/","name":"Brakanes Hotel by Fjordtind","description":"Sjekk inn i Hardanger","publisher":{"@id":"https:\/\/brakanes-hotel.no\/en\/#organization"},"potentialAction":[{"@type":"SearchAction","target":{"@type":"EntryPoint","urlTemplate":"https:\/\/brakanes-hotel.no\/en\/?s={search_term_string}"},"query-input":{"@type":"PropertyValueSpecification","valueRequired":true,"valueName":"search_term_string"}}],"inLanguage":"en-US"},{"@type":"Organization","@id":"https:\/\/brakanes-hotel.no\/en\/#organization","name":"Brakanes Hotel","url":"https:\/\/brakanes-hotel.no\/en\/","logo":{"@type":"ImageObject","inLanguage":"en-US","@id":"https:\/\/brakanes-hotel.no\/en\/#\/schema\/logo\/image\/","url":"https:\/\/brakanes-hotel.no\/wp-content\/uploads\/brakanes-hotel-hvit.png","contentUrl":"https:\/\/brakanes-hotel.no\/wp-content\/uploads\/brakanes-hotel-hvit.png","width":820,"height":419,"caption":"Brakanes Hotel"},"image":{"@id":"https:\/\/brakanes-hotel.no\/en\/#\/schema\/logo\/image\/"},"sameAs":["https:\/\/www.facebook.com\/Brakanes\/","https:\/\/www.instagram.com\/brakaneshotel\/"]}]}},"_links":{"self":[{"href":"https:\/\/brakanes-hotel.no\/en\/wp-json\/wp\/v2\/pages\/2536","targetHints":{"allow":["GET"]}}],"collection":[{"href":"https:\/\/brakanes-hotel.no\/en\/wp-json\/wp\/v2\/pages"}],"about":[{"href":"https:\/\/brakanes-hotel.no\/en\/wp-json\/wp\/v2\/types\/page"}],"author":[{"embeddable":true,"href":"https:\/\/brakanes-hotel.no\/en\/wp-json\/wp\/v2\/users\/12"}],"replies":[{"embeddable":true,"href":"https:\/\/brakanes-hotel.no\/en\/wp-json\/wp\/v2\/comments?post=2536"}],"version-history":[{"count":5,"href":"https:\/\/brakanes-hotel.no\/en\/wp-json\/wp\/v2\/pages\/2536\/revisions"}],"predecessor-version":[{"id":2542,"href":"https:\/\/brakanes-hotel.no\/en\/wp-json\/wp\/v2\/pages\/2536\/revisions\/2542"}],"wp:attachment":[{"href":"https:\/\/brakanes-hotel.no\/en\/wp-json\/wp\/v2\/media?parent=2536"}],"curies":[{"name":"wp","href":"https:\/\/api.w.org\/{rel}","templated":true}]}}